{"id":1318,"date":"2021-11-21T15:14:19","date_gmt":"2021-11-21T15:14:19","guid":{"rendered":"https:\/\/nifemedia.com\/index.php\/about\/"},"modified":"2025-04-23T12:04:40","modified_gmt":"2025-04-23T15:04:40","slug":"about","status":"publish","type":"page","link":"https:\/\/nifemedia.com\/index.php\/about\/","title":{"rendered":"Sobre"},"content":{"rendered":"\t\t<div data-elementor-type=\"wp-page\" data-elementor-id=\"1318\" class=\"elementor elementor-1318\">\n\t\t\t\t\t\t<section class=\"elementor-section elementor-top-section elementor-element elementor-element-c8ddeb6 elementor-section-height-min-height elementor-section-boxed elementor-section-height-default elementor-section-items-middle\" data-id=\"c8ddeb6\" data-element_type=\"section\" data-settings=\"{&quot;background_background&quot;:&quot;classic&quot;}\">\n\t\t\t\t\t\t\t<div class=\"elementor-background-overlay\"><\/div>\n\t\t\t\t\t\t\t<div class=\"elementor-container elementor-column-gap-default\">\n\t\t\t\t\t<div class=\"elementor-column elementor-col-100 elementor-top-column elementor-element elementor-element-6a5337e\" data-id=\"6a5337e\" data-element_type=\"column\">\n\t\t\t<div class=\"elementor-widget-wrap elementor-element-populated\">\n\t\t\t\t\t\t<div class=\"elementor-element elementor-element-feefb6c elementor-widget elementor-widget-heading\" data-id=\"feefb6c\" data-element_type=\"widget\" data-widget_type=\"heading.default\">\n\t\t\t\t<div class=\"elementor-widget-container\">\n\t\t\t<style>\/*! elementor - v3.23.0 - 25-07-2024 *\/\n.elementor-heading-title{padding:0;margin:0;line-height:1}.elementor-widget-heading .elementor-heading-title[class*=elementor-size-]>a{color:inherit;font-size:inherit;line-height:inherit}.elementor-widget-heading .elementor-heading-title.elementor-size-small{font-size:15px}.elementor-widget-heading .elementor-heading-title.elementor-size-medium{font-size:19px}.elementor-widget-heading .elementor-heading-title.elementor-size-large{font-size:29px}.elementor-widget-heading .elementor-heading-title.elementor-size-xl{font-size:39px}.elementor-widget-heading .elementor-heading-title.elementor-size-xxl{font-size:59px}<\/style><h1 class=\"elementor-heading-title elementor-size-default\">Sobre<\/h1>\t\t<\/div>\n\t\t\t\t<\/div>\n\t\t\t\t\t<\/div>\n\t\t<\/div>\n\t\t\t\t\t<\/div>\n\t\t<\/section>\n\t\t\t\t<section class=\"elementor-section elementor-top-section elementor-element elementor-element-034f786 elementor-section-boxed elementor-section-height-default elementor-section-height-default\" data-id=\"034f786\" data-element_type=\"section\">\n\t\t\t\t\t\t<div class=\"elementor-container elementor-column-gap-default\">\n\t\t\t\t\t<div class=\"elementor-column elementor-col-100 elementor-top-column elementor-element elementor-element-ba0c118\" data-id=\"ba0c118\" data-element_type=\"column\">\n\t\t\t<div class=\"elementor-widget-wrap elementor-element-populated\">\n\t\t\t\t\t\t<div class=\"elementor-element elementor-element-3dc998b elementor-widget elementor-widget-heading\" data-id=\"3dc998b\" data-element_type=\"widget\" data-widget_type=\"heading.default\">\n\t\t\t\t<div class=\"elementor-widget-container\">\n\t\t\t<h4 class=\"elementor-heading-title elementor-size-default\">Nife foi criada por Rodrigo Alessander em 2004, inicialmente assinando seus trabalhos de ilustra\u00e7\u00e3o, games, quadrinhos, anima\u00e7\u00e3o e design gr\u00e1fico sob o pseud\u00f4nimo  NifeAB. Em 2016, a identidade Nife evoluiu para Nife Media, uma produtora focada na cria\u00e7\u00e3o de filmes e marcas, com \u00eanfase em curtas-metragens experimentais.<br><br>Durante a pandemia em 2020, priorizamos projetos de marcas e personagens, reduzindo produ\u00e7\u00f5es de filmes. Em 2023, retomamos filmes comerciais e nosso objetivo principal: desenvolver filmes e anima\u00e7\u00f5es originais para licenciamento.<br><br><b> <\/b>Liderados por<b> <a href=\"https:\/\/nifemedia.com\/index.php\/rodrigo-alessander\/\" style=\"color: #b8860b;\"><u>Rodrigo Alessander<\/u><\/a> <\/b>como Diretor Criativo, contamos com uma equipe flex\u00edvel e remota de diretores, filmmakers, designers, desenhitas, produtores de trilhas, animadores e dubladores. Na Nife Media, criamos filmes e marcas originais com \u00e9tica, excel\u00eancia e compromisso, sempre buscando transformar ideias em projetos que superem expectativas, garantindo trabalhos de alta qualidade.<\/h4>\t\t<\/div>\n\t\t\t\t<\/div>\n\t\t\t\t<div class=\"elementor-element elementor-element-9fdb291 elementor-widget elementor-widget-image\" data-id=\"9fdb291\" data-element_type=\"widget\" data-widget_type=\"image.default\">\n\t\t\t\t<div class=\"elementor-widget-container\">\n\t\t\t<style>\/*! elementor - v3.23.0 - 25-07-2024 *\/\n.elementor-widget-image{text-align:center}.elementor-widget-image a{display:inline-block}.elementor-widget-image a img[src$=\".svg\"]{width:48px}.elementor-widget-image img{vertical-align:middle;display:inline-block}<\/style>\t\t\t\t\t\t\t\t\t\t<img fetchpriority=\"high\" decoding=\"async\" width=\"1170\" height=\"600\" src=\"https:\/\/nifemedia.com\/wp-content\/uploads\/2023\/03\/rodrigo-alessander-diretor-criativo-filmmaker-designer-de-projetos-de-marca-nife-media-produtora.jpg\" class=\"attachment-full size-full wp-image-1459\" alt=\"\" srcset=\"https:\/\/nifemedia.com\/wp-content\/uploads\/2023\/03\/rodrigo-alessander-diretor-criativo-filmmaker-designer-de-projetos-de-marca-nife-media-produtora.jpg 1170w, https:\/\/nifemedia.com\/wp-content\/uploads\/2023\/03\/rodrigo-alessander-diretor-criativo-filmmaker-designer-de-projetos-de-marca-nife-media-produtora-300x154.jpg 300w, https:\/\/nifemedia.com\/wp-content\/uploads\/2023\/03\/rodrigo-alessander-diretor-criativo-filmmaker-designer-de-projetos-de-marca-nife-media-produtora-1024x525.jpg 1024w, https:\/\/nifemedia.com\/wp-content\/uploads\/2023\/03\/rodrigo-alessander-diretor-criativo-filmmaker-designer-de-projetos-de-marca-nife-media-produtora-768x394.jpg 768w\" sizes=\"(max-width: 1170px) 100vw, 1170px\" \/>\t\t\t\t\t\t\t\t\t\t\t\t\t<\/div>\n\t\t\t\t<\/div>\n\t\t\t\t\t<\/div>\n\t\t<\/div>\n\t\t\t\t\t<\/div>\n\t\t<\/section>\n\t\t\t\t<\/div>\n\t\t","protected":false},"excerpt":{"rendered":"<p>Sobre Nife foi criada por Rodrigo Alessander em 2004, inicialmente assinando seus trabalhos de ilustra\u00e7\u00e3o, games, quadrinhos, anima\u00e7\u00e3o e design gr\u00e1fico sob o pseud\u00f4nimo NifeAB. Em 2016, a identidade Nife evoluiu para Nife Media, uma produtora focada na cria\u00e7\u00e3o de filmes e marcas, com \u00eanfase em curtas-metragens experimentais. Durante a pandemia em 2020, priorizamos projetos &hellip;<\/p>\n<p class=\"read-more\"> <a class=\"\" href=\"https:\/\/nifemedia.com\/index.php\/about\/\"> <span class=\"screen-reader-text\">Sobre<\/span> Leia mais &raquo;<\/a><\/p>\n","protected":false},"author":1,"featured_media":0,"parent":0,"menu_order":0,"comment_status":"closed","ping_status":"closed","template":"","meta":{"_uag_custom_page_level_css":"","site-sidebar-layout":"no-sidebar","site-content-layout":"page-builder","ast-site-content-layout":"","site-content-style":"default","site-sidebar-style":"default","ast-global-header-display":"","ast-banner-title-visibility":"","ast-main-header-display":"","ast-hfb-above-header-display":"","ast-hfb-below-header-display":"","ast-hfb-mobile-header-display":"","site-post-title":"disabled","ast-breadcrumbs-content":"","ast-featured-img":"disabled","footer-sml-layout":"","theme-transparent-header-meta":"enabled","adv-header-id-meta":"","stick-header-meta":"","header-above-stick-meta":"","header-main-stick-meta":"","header-below-stick-meta":"","astra-migrate-meta-layouts":"","ast-page-background-enabled":"default","ast-page-background-meta":{"desktop":{"background-color":"var(--ast-global-color-4)","background-image":"","background-repeat":"repeat","background-position":"center center","background-size":"auto","background-attachment":"scroll","background-type":"","background-media":"","overlay-type":"","overlay-color":"","overlay-gradient":""},"tablet":{"background-color":"","background-image":"","background-repeat":"repeat","background-position":"center center","background-size":"auto","background-attachment":"scroll","background-type":"","background-media":"","overlay-type":"","overlay-color":"","overlay-gradient":""},"mobile":{"background-color":"","background-image":"","background-repeat":"repeat","background-position":"center center","background-size":"auto","background-attachment":"scroll","background-type":"","background-media":"","overlay-type":"","overlay-color":"","overlay-gradient":""}},"ast-content-background-meta":{"desktop":{"background-color":"var(--ast-global-color-5)","background-image":"","background-repeat":"repeat","background-position":"center center","background-size":"auto","background-attachment":"scroll","background-type":"","background-media":"","overlay-type":"","overlay-color":"","overlay-gradient":""},"tablet":{"background-color":"var(--ast-global-color-5)","background-image":"","background-repeat":"repeat","background-position":"center center","background-size":"auto","background-attachment":"scroll","background-type":"","background-media":"","overlay-type":"","overlay-color":"","overlay-gradient":""},"mobile":{"background-color":"var(--ast-global-color-5)","background-image":"","background-repeat":"repeat","background-position":"center center","background-size":"auto","background-attachment":"scroll","background-type":"","background-media":"","overlay-type":"","overlay-color":"","overlay-gradient":""}},"footnotes":""},"class_list":["post-1318","page","type-page","status-publish","hentry"],"uagb_featured_image_src":{"full":false,"thumbnail":false,"medium":false,"medium_large":false,"large":false,"1536x1536":false,"2048x2048":false},"uagb_author_info":{"display_name":"nifeab","author_link":"https:\/\/nifemedia.com\/index.php\/author\/nifeab\/"},"uagb_comment_info":0,"uagb_excerpt":"Sobre Nife foi criada por Rodrigo Alessander em 2004, inicialmente assinando seus trabalhos de ilustra\u00e7\u00e3o, games, quadrinhos, anima\u00e7\u00e3o e design gr\u00e1fico sob o pseud\u00f4nimo NifeAB. Em 2016, a identidade Nife evoluiu para Nife Media, uma produtora focada na cria\u00e7\u00e3o de filmes e marcas, com \u00eanfase em curtas-metragens experimentais. Durante a pandemia em 2020, priorizamos projetos&hellip;","_links":{"self":[{"href":"https:\/\/nifemedia.com\/index.php\/wp-json\/wp\/v2\/pages\/1318","targetHints":{"allow":["GET"]}}],"collection":[{"href":"https:\/\/nifemedia.com\/index.php\/wp-json\/wp\/v2\/pages"}],"about":[{"href":"https:\/\/nifemedia.com\/index.php\/wp-json\/wp\/v2\/types\/page"}],"author":[{"embeddable":true,"href":"https:\/\/nifemedia.com\/index.php\/wp-json\/wp\/v2\/users\/1"}],"replies":[{"embeddable":true,"href":"https:\/\/nifemedia.com\/index.php\/wp-json\/wp\/v2\/comments?post=1318"}],"version-history":[{"count":107,"href":"https:\/\/nifemedia.com\/index.php\/wp-json\/wp\/v2\/pages\/1318\/revisions"}],"predecessor-version":[{"id":3528,"href":"https:\/\/nifemedia.com\/index.php\/wp-json\/wp\/v2\/pages\/1318\/revisions\/3528"}],"wp:attachment":[{"href":"https:\/\/nifemedia.com\/index.php\/wp-json\/wp\/v2\/media?parent=1318"}],"curies":[{"name":"wp","href":"https:\/\/api.w.org\/{rel}","templated":true}]}}