{"id":2623,"date":"2023-11-21T14:53:12","date_gmt":"2023-11-21T17:53:12","guid":{"rendered":"https:\/\/nifemedia.com\/?page_id=2623"},"modified":"2024-11-04T22:20:22","modified_gmt":"2024-11-05T01:20:22","slug":"inicio1","status":"publish","type":"page","link":"https:\/\/nifemedia.com\/","title":{"rendered":"Pagina Inicial"},"content":{"rendered":"\t\t<div data-elementor-type=\"wp-page\" data-elementor-id=\"2623\" class=\"elementor elementor-2623\">\n\t\t\t\t\t\t<section class=\"elementor-section elementor-top-section elementor-element elementor-element-7701125 elementor-section-height-full elementor-section-boxed elementor-section-height-default elementor-section-items-middle\" data-id=\"7701125\" data-element_type=\"section\">\n\t\t\t\t\t\t\t<div class=\"elementor-background-overlay\"><\/div>\n\t\t\t\t\t\t\t<div class=\"elementor-container elementor-column-gap-no\">\n\t\t\t\t\t<div class=\"elementor-column elementor-col-100 elementor-top-column elementor-element elementor-element-9ad04ba\" data-id=\"9ad04ba\" data-element_type=\"column\">\n\t\t\t<div class=\"elementor-widget-wrap elementor-element-populated\">\n\t\t\t\t\t\t<section class=\"elementor-section elementor-inner-section elementor-element elementor-element-ef970f2 elementor-section-full_width elementor-section-height-default elementor-section-height-default\" data-id=\"ef970f2\" data-element_type=\"section\">\n\t\t\t\t\t\t<div class=\"elementor-container elementor-column-gap-default\">\n\t\t\t\t\t<div class=\"elementor-column elementor-col-100 elementor-inner-column elementor-element elementor-element-b809155\" data-id=\"b809155\" data-element_type=\"column\">\n\t\t\t<div class=\"elementor-widget-wrap elementor-element-populated\">\n\t\t\t\t\t\t\t<\/div>\n\t\t<\/div>\n\t\t\t\t\t<\/div>\n\t\t<\/section>\n\t\t\t\t\t<\/div>\n\t\t<\/div>\n\t\t\t\t\t<\/div>\n\t\t<\/section>\n\t\t\t\t<section class=\"elementor-section elementor-top-section elementor-element elementor-element-97f69f6 elementor-section-boxed elementor-section-height-default elementor-section-height-default\" data-id=\"97f69f6\" data-element_type=\"section\">\n\t\t\t\t\t\t<div class=\"elementor-container elementor-column-gap-default\">\n\t\t\t\t\t<div class=\"elementor-column elementor-col-100 elementor-top-column elementor-element elementor-element-e21f70a\" data-id=\"e21f70a\" data-element_type=\"column\">\n\t\t\t<div class=\"elementor-widget-wrap elementor-element-populated\">\n\t\t\t\t\t\t<section class=\"elementor-section elementor-inner-section elementor-element elementor-element-b09c338 elementor-section-full_width elementor-section-height-default elementor-section-height-default\" data-id=\"b09c338\" data-element_type=\"section\">\n\t\t\t\t\t\t<div class=\"elementor-container elementor-column-gap-default\">\n\t\t\t\t\t<div class=\"elementor-column elementor-col-33 elementor-inner-column elementor-element elementor-element-2c1dc2f\" data-id=\"2c1dc2f\" data-element_type=\"column\">\n\t\t\t<div class=\"elementor-widget-wrap elementor-element-populated\">\n\t\t\t\t\t\t<div class=\"elementor-element elementor-element-b3bcc65 elementor-widget elementor-widget-image\" data-id=\"b3bcc65\" data-element_type=\"widget\" data-widget_type=\"image.default\">\n\t\t\t\t<div class=\"elementor-widget-container\">\n\t\t\t<style>\/*! elementor - v3.23.0 - 25-07-2024 *\/\n.elementor-widget-image{text-align:center}.elementor-widget-image a{display:inline-block}.elementor-widget-image a img[src$=\".svg\"]{width:48px}.elementor-widget-image img{vertical-align:middle;display:inline-block}<\/style>\t\t\t\t\t\t\t\t\t\t\t<a href=\"https:\/\/nifemedia.com\/index.php\/producoes\/\">\n\t\t\t\t\t\t\t<img fetchpriority=\"high\" decoding=\"async\" width=\"370\" height=\"500\" src=\"https:\/\/nifemedia.com\/wp-content\/uploads\/2023\/03\/producoes-filmes-series-animacoes-originais-nife-media-passarim-rodrigo-alessander-1.png\" class=\"elementor-animation-float attachment-full size-full wp-image-1421\" alt=\"\" srcset=\"https:\/\/nifemedia.com\/wp-content\/uploads\/2023\/03\/producoes-filmes-series-animacoes-originais-nife-media-passarim-rodrigo-alessander-1.png 370w, https:\/\/nifemedia.com\/wp-content\/uploads\/2023\/03\/producoes-filmes-series-animacoes-originais-nife-media-passarim-rodrigo-alessander-1-222x300.png 222w\" sizes=\"(max-width: 370px) 100vw, 370px\" \/>\t\t\t\t\t\t\t\t<\/a>\n\t\t\t\t\t\t\t\t\t\t\t\t\t<\/div>\n\t\t\t\t<\/div>\n\t\t\t\t<div class=\"elementor-element elementor-element-5f85158 elementor-widget elementor-widget-image-box\" data-id=\"5f85158\" data-element_type=\"widget\" data-widget_type=\"image-box.default\">\n\t\t\t\t<div class=\"elementor-widget-container\">\n\t\t\t<style>\/*! elementor - v3.23.0 - 25-07-2024 *\/\n.elementor-widget-image-box .elementor-image-box-content{width:100%}@media (min-width:768px){.elementor-widget-image-box.elementor-position-left .elementor-image-box-wrapper,.elementor-widget-image-box.elementor-position-right .elementor-image-box-wrapper{display:flex}.elementor-widget-image-box.elementor-position-right .elementor-image-box-wrapper{text-align:end;flex-direction:row-reverse}.elementor-widget-image-box.elementor-position-left .elementor-image-box-wrapper{text-align:start;flex-direction:row}.elementor-widget-image-box.elementor-position-top .elementor-image-box-img{margin:auto}.elementor-widget-image-box.elementor-vertical-align-top .elementor-image-box-wrapper{align-items:flex-start}.elementor-widget-image-box.elementor-vertical-align-middle .elementor-image-box-wrapper{align-items:center}.elementor-widget-image-box.elementor-vertical-align-bottom .elementor-image-box-wrapper{align-items:flex-end}}@media (max-width:767px){.elementor-widget-image-box .elementor-image-box-img{margin-left:auto!important;margin-right:auto!important;margin-bottom:15px}}.elementor-widget-image-box .elementor-image-box-img{display:inline-block}.elementor-widget-image-box .elementor-image-box-title a{color:inherit}.elementor-widget-image-box .elementor-image-box-wrapper{text-align:center}.elementor-widget-image-box .elementor-image-box-description{margin:0}<\/style><div class=\"elementor-image-box-wrapper\"><div class=\"elementor-image-box-content\"><h2 class=\"elementor-image-box-title\"><center>Produ\u00e7\u00f5es<\/center><\/h2><p class=\"elementor-image-box-description\">Assista as produ\u00e7\u00f5es originais da nife media, incluindo filmes de curtas-metragens e s\u00e9ries animadas.<\/p><\/div><\/div>\t\t<\/div>\n\t\t\t\t<\/div>\n\t\t\t\t\t<\/div>\n\t\t<\/div>\n\t\t\t\t<div class=\"elementor-column elementor-col-33 elementor-inner-column elementor-element elementor-element-2019559\" data-id=\"2019559\" data-element_type=\"column\">\n\t\t\t<div class=\"elementor-widget-wrap elementor-element-populated\">\n\t\t\t\t\t\t<div class=\"elementor-element elementor-element-461e0c7 elementor-widget elementor-widget-image\" data-id=\"461e0c7\" data-element_type=\"widget\" data-widget_type=\"image.default\">\n\t\t\t\t<div class=\"elementor-widget-container\">\n\t\t\t\t\t\t\t\t\t\t\t\t\t\t<a href=\"https:\/\/nifemedia.com\/index.php\/services\/\">\n\t\t\t\t\t\t\t<img decoding=\"async\" width=\"370\" height=\"500\" src=\"https:\/\/nifemedia.com\/wp-content\/uploads\/2023\/03\/servico-de-criacao-de-projeto-de-marca-e-filme-agencia-produtora-nife-media-brand-oxe-axe-estapa-step-by-step-para-criar-uma-marca.png\" class=\"elementor-animation-float attachment-full size-full wp-image-1381\" alt=\"servi\u00e7o profissional de cria\u00e7\u00e3o de projeto de marca e filme v\u00eddeo nife media\" srcset=\"https:\/\/nifemedia.com\/wp-content\/uploads\/2023\/03\/servico-de-criacao-de-projeto-de-marca-e-filme-agencia-produtora-nife-media-brand-oxe-axe-estapa-step-by-step-para-criar-uma-marca.png 370w, https:\/\/nifemedia.com\/wp-content\/uploads\/2023\/03\/servico-de-criacao-de-projeto-de-marca-e-filme-agencia-produtora-nife-media-brand-oxe-axe-estapa-step-by-step-para-criar-uma-marca-222x300.png 222w\" sizes=\"(max-width: 370px) 100vw, 370px\" \/>\t\t\t\t\t\t\t\t<\/a>\n\t\t\t\t\t\t\t\t\t\t\t\t\t<\/div>\n\t\t\t\t<\/div>\n\t\t\t\t<div class=\"elementor-element elementor-element-0349d6c elementor-widget elementor-widget-image-box\" data-id=\"0349d6c\" data-element_type=\"widget\" data-widget_type=\"image-box.default\">\n\t\t\t\t<div class=\"elementor-widget-container\">\n\t\t\t<div class=\"elementor-image-box-wrapper\"><div class=\"elementor-image-box-content\"><h2 class=\"elementor-image-box-title\"><center>Servi\u00e7os<\/center><\/h2><p class=\"elementor-image-box-description\">Descubra aqui porque nosso processo criativo em projetos de filmes e marcas \u00e9 diferente de tudo que existe no mercado.<\/p><\/div><\/div>\t\t<\/div>\n\t\t\t\t<\/div>\n\t\t\t\t\t<\/div>\n\t\t<\/div>\n\t\t\t\t<div class=\"elementor-column elementor-col-33 elementor-inner-column elementor-element elementor-element-b936c9f\" data-id=\"b936c9f\" data-element_type=\"column\">\n\t\t\t<div class=\"elementor-widget-wrap elementor-element-populated\">\n\t\t\t\t\t\t<div class=\"elementor-element elementor-element-ae921e2 elementor-widget elementor-widget-image\" data-id=\"ae921e2\" data-element_type=\"widget\" data-widget_type=\"image.default\">\n\t\t\t\t<div class=\"elementor-widget-container\">\n\t\t\t\t\t\t\t\t\t\t\t\t\t\t<a href=\"https:\/\/nifemedia.com\/index.php\/bastidores\/\">\n\t\t\t\t\t\t\t<img decoding=\"async\" width=\"370\" height=\"500\" src=\"https:\/\/nifemedia.com\/wp-content\/uploads\/2023\/03\/bastidores-inesperada-um-filme-de-rodrigo-alessander.png\" class=\"elementor-animation-float attachment-full size-full wp-image-1351\" alt=\"\" srcset=\"https:\/\/nifemedia.com\/wp-content\/uploads\/2023\/03\/bastidores-inesperada-um-filme-de-rodrigo-alessander.png 370w, https:\/\/nifemedia.com\/wp-content\/uploads\/2023\/03\/bastidores-inesperada-um-filme-de-rodrigo-alessander-222x300.png 222w\" sizes=\"(max-width: 370px) 100vw, 370px\" \/>\t\t\t\t\t\t\t\t<\/a>\n\t\t\t\t\t\t\t\t\t\t\t\t\t<\/div>\n\t\t\t\t<\/div>\n\t\t\t\t<div class=\"elementor-element elementor-element-0b17383 elementor-widget elementor-widget-image-box\" data-id=\"0b17383\" data-element_type=\"widget\" data-widget_type=\"image-box.default\">\n\t\t\t\t<div class=\"elementor-widget-container\">\n\t\t\t<div class=\"elementor-image-box-wrapper\"><div class=\"elementor-image-box-content\"><h2 class=\"elementor-image-box-title\"><center>Bastidores<\/center><\/h2><p class=\"elementor-image-box-description\">Explore nossos bastidores desde a nossa primeira produ\u00e7\u00e3o cinematogr\u00e1fica em 2016 at\u00e9 os filmes mais recentes. <\/p><\/div><\/div>\t\t<\/div>\n\t\t\t\t<\/div>\n\t\t\t\t\t<\/div>\n\t\t<\/div>\n\t\t\t\t\t<\/div>\n\t\t<\/section>\n\t\t\t\t\t<\/div>\n\t\t<\/div>\n\t\t\t\t\t<\/div>\n\t\t<\/section>\n\t\t\t\t<\/div>\n\t\t","protected":false},"excerpt":{"rendered":"<p>Produ\u00e7\u00f5es Assista as produ\u00e7\u00f5es originais da nife media, incluindo filmes de curtas-metragens e s\u00e9ries animadas. Servi\u00e7os Descubra aqui porque nosso processo criativo em projetos de filmes e marcas \u00e9 diferente de tudo que existe no mercado. Bastidores Explore nossos bastidores desde a nossa primeira produ\u00e7\u00e3o cinematogr\u00e1fica em 2016 at\u00e9 os filmes mais recentes.<\/p>\n","protected":false},"author":1,"featured_media":0,"parent":0,"menu_order":0,"comment_status":"closed","ping_status":"closed","template":"","meta":{"_uag_custom_page_level_css":"","site-sidebar-layout":"no-sidebar","site-content-layout":"page-builder","ast-site-content-layout":"full-width-container","site-content-style":"unboxed","site-sidebar-style":"unboxed","ast-global-header-display":"","ast-banner-title-visibility":"","ast-main-header-display":"","ast-hfb-above-header-display":"","ast-hfb-below-header-display":"","ast-hfb-mobile-header-display":"","site-post-title":"disabled","ast-breadcrumbs-content":"","ast-featured-img":"disabled","footer-sml-layout":"","theme-transparent-header-meta":"enabled","adv-header-id-meta":"","stick-header-meta":"","header-above-stick-meta":"","header-main-stick-meta":"","header-below-stick-meta":"","astra-migrate-meta-layouts":"set","ast-page-background-enabled":"default","ast-page-background-meta":{"desktop":{"background-color":"var(--ast-global-color-4)","background-image":"","background-repeat":"repeat","background-position":"center center","background-size":"auto","background-attachment":"scroll","background-type":"","background-media":"","overlay-type":"","overlay-color":"","overlay-gradient":""},"tablet":{"background-color":"","background-image":"","background-repeat":"repeat","background-position":"center center","background-size":"auto","background-attachment":"scroll","background-type":"","background-media":"","overlay-type":"","overlay-color":"","overlay-gradient":""},"mobile":{"background-color":"","background-image":"","background-repeat":"repeat","background-position":"center center","background-size":"auto","background-attachment":"scroll","background-type":"","background-media":"","overlay-type":"","overlay-color":"","overlay-gradient":""}},"ast-content-background-meta":{"desktop":{"background-color":"var(--ast-global-color-5)","background-image":"","background-repeat":"repeat","background-position":"center center","background-size":"auto","background-attachment":"scroll","background-type":"","background-media":"","overlay-type":"","overlay-color":"","overlay-gradient":""},"tablet":{"background-color":"var(--ast-global-color-5)","background-image":"","background-repeat":"repeat","background-position":"center center","background-size":"auto","background-attachment":"scroll","background-type":"","background-media":"","overlay-type":"","overlay-color":"","overlay-gradient":""},"mobile":{"background-color":"var(--ast-global-color-5)","background-image":"","background-repeat":"repeat","background-position":"center center","background-size":"auto","background-attachment":"scroll","background-type":"","background-media":"","overlay-type":"","overlay-color":"","overlay-gradient":""}},"footnotes":""},"class_list":["post-2623","page","type-page","status-publish","hentry"],"uagb_featured_image_src":{"full":false,"thumbnail":false,"medium":false,"medium_large":false,"large":false,"1536x1536":false,"2048x2048":false},"uagb_author_info":{"display_name":"nifeab","author_link":"https:\/\/nifemedia.com\/index.php\/author\/nifeab\/"},"uagb_comment_info":0,"uagb_excerpt":"Produ\u00e7\u00f5es Assista as produ\u00e7\u00f5es originais da nife media, incluindo filmes de curtas-metragens e s\u00e9ries animadas. Servi\u00e7os Descubra aqui porque nosso processo criativo em projetos de filmes e marcas \u00e9 diferente de tudo que existe no mercado. Bastidores Explore nossos bastidores desde a nossa primeira produ\u00e7\u00e3o cinematogr\u00e1fica em 2016 at\u00e9 os filmes mais recentes.","_links":{"self":[{"href":"https:\/\/nifemedia.com\/index.php\/wp-json\/wp\/v2\/pages\/2623","targetHints":{"allow":["GET"]}}],"collection":[{"href":"https:\/\/nifemedia.com\/index.php\/wp-json\/wp\/v2\/pages"}],"about":[{"href":"https:\/\/nifemedia.com\/index.php\/wp-json\/wp\/v2\/types\/page"}],"author":[{"embeddable":true,"href":"https:\/\/nifemedia.com\/index.php\/wp-json\/wp\/v2\/users\/1"}],"replies":[{"embeddable":true,"href":"https:\/\/nifemedia.com\/index.php\/wp-json\/wp\/v2\/comments?post=2623"}],"version-history":[{"count":60,"href":"https:\/\/nifemedia.com\/index.php\/wp-json\/wp\/v2\/pages\/2623\/revisions"}],"predecessor-version":[{"id":3247,"href":"https:\/\/nifemedia.com\/index.php\/wp-json\/wp\/v2\/pages\/2623\/revisions\/3247"}],"wp:attachment":[{"href":"https:\/\/nifemedia.com\/index.php\/wp-json\/wp\/v2\/media?parent=2623"}],"curies":[{"name":"wp","href":"https:\/\/api.w.org\/{rel}","templated":true}]}}